{"id":3878,"date":"2025-07-18T09:48:12","date_gmt":"2025-07-18T09:48:12","guid":{"rendered":"https:\/\/myndplatform.amlstg.it\/privacy-and-cookie-policy\/"},"modified":"2025-08-06T14:37:45","modified_gmt":"2025-08-06T14:37:45","slug":"privacy-and-cookie-policy","status":"publish","type":"page","link":"https:\/\/myndplatform.com\/it\/privacy-and-cookie-policy\/","title":{"rendered":"Privacy e Cookie Policy"},"content":{"rendered":"<p><div class=\"fusion-fullwidth fullwidth-box fusion-builder-row-1 fusion-flex-container has-pattern-background has-mask-background hundred-percent-fullwidth non-hundred-percent-height-scrolling\" style=\"--awb-border-radius-top-left:0px;--awb-border-radius-top-right:0px;--awb-border-radius-bottom-right:0px;--awb-border-radius-bottom-left:0px;--awb-padding-top:0px;--awb-padding-right:0px;--awb-padding-bottom:0px;--awb-padding-left:0px;--awb-margin-top:0px;--awb-margin-bottom:75px;--awb-flex-wrap:wrap;\" ><div class=\"fusion-builder-row fusion-row fusion-flex-align-items-flex-start fusion-flex-content-wrap\" style=\"width:104% !important;max-width:104% !important;margin-left: calc(-4% \/ 2 );margin-right: calc(-4% \/ 2 );\"><div class=\"fusion-layout-column fusion_builder_column fusion-builder-column-0 fusion_builder_column_1_1 1_1 fusion-flex-column\" style=\"--awb-bg-size:cover;--awb-width-large:100%;--awb-margin-top-large:0px;--awb-spacing-right-large:1.92%;--awb-margin-bottom-large:20px;--awb-spacing-left-large:1.92%;--awb-width-medium:100%;--awb-order-medium:0;--awb-spacing-right-medium:1.92%;--awb-spacing-left-medium:1.92%;--awb-width-small:100%;--awb-order-small:0;--awb-spacing-right-small:1.92%;--awb-spacing-left-small:1.92%;\" data-scroll-devices=\"small-visibility,medium-visibility,large-visibility\"><div class=\"fusion-column-wrapper fusion-column-has-shadow fusion-flex-justify-content-flex-start fusion-content-layout-column\"><div class=\"fusion-separator fusion-full-width-sep\" style=\"align-self: center;margin-left: auto;margin-right: auto;margin-top:0px;margin-bottom:0px;width:100%;max-width:100%;\"><div class=\"fusion-separator-border sep-single sep-solid\" style=\"--awb-height:20px;--awb-amount:20px;--awb-sep-color:var(--awb-color1);border-color:var(--awb-color1);border-top-width:3px;\"><\/div><\/div><\/div><\/div><\/div><\/div><div class=\"fusion-fullwidth fullwidth-box fusion-builder-row-2 fusion-flex-container has-pattern-background has-mask-background nonhundred-percent-fullwidth non-hundred-percent-height-scrolling\" style=\"--awb-border-radius-top-left:0px;--awb-border-radius-top-right:0px;--awb-border-radius-bottom-right:0px;--awb-border-radius-bottom-left:0px;--awb-flex-wrap:wrap;\" ><div class=\"fusion-builder-row fusion-row fusion-flex-align-items-flex-start fusion-flex-content-wrap\" style=\"max-width:1404px;margin-left: calc(-4% \/ 2 );margin-right: calc(-4% \/ 2 );\"><div class=\"fusion-layout-column fusion_builder_column fusion-builder-column-1 fusion_builder_column_1_1 1_1 fusion-flex-column\" style=\"--awb-bg-size:cover;--awb-width-large:100%;--awb-margin-top-large:0px;--awb-spacing-right-large:1.92%;--awb-margin-bottom-large:20px;--awb-spacing-left-large:1.92%;--awb-width-medium:100%;--awb-order-medium:0;--awb-spacing-right-medium:1.92%;--awb-spacing-left-medium:1.92%;--awb-width-small:100%;--awb-order-small:0;--awb-spacing-right-small:1.92%;--awb-spacing-left-small:1.92%;\"><div class=\"fusion-column-wrapper fusion-column-has-shadow fusion-flex-justify-content-flex-start fusion-content-layout-column\"><div class=\"fusion-title title fusion-title-1 fusion-sep-none fusion-title-text fusion-title-size-one\" style=\"--awb-margin-top-small:10px;--awb-margin-right-small:0px;--awb-margin-bottom-small:10px;--awb-margin-left-small:0px;--awb-font-size:50px;\"><h1 class=\"fusion-title-heading title-heading-left fusion-responsive-typography-calculated\" style=\"margin:0;font-size:1em;--fontSize:50;line-height:1.3;\">Privacy and cookie policy<\/h1><\/div><\/div><\/div><\/div><\/div><div class=\"fusion-fullwidth fullwidth-box fusion-builder-row-3 fusion-flex-container nonhundred-percent-fullwidth non-hundred-percent-height-scrolling\" style=\"--awb-border-radius-top-left:0px;--awb-border-radius-top-right:0px;--awb-border-radius-bottom-right:0px;--awb-border-radius-bottom-left:0px;--awb-flex-wrap:wrap;\" ><div class=\"fusion-builder-row fusion-row fusion-flex-align-items-flex-start fusion-flex-content-wrap\" style=\"max-width:1404px;margin-left: calc(-4% \/ 2 );margin-right: calc(-4% \/ 2 );\"><div class=\"fusion-layout-column fusion_builder_column fusion-builder-column-2 fusion_builder_column_1_1 1_1 fusion-flex-column\" style=\"--awb-bg-size:cover;--awb-width-large:100%;--awb-margin-top-large:0px;--awb-spacing-right-large:1.92%;--awb-margin-bottom-large:0px;--awb-spacing-left-large:1.92%;--awb-width-medium:100%;--awb-spacing-right-medium:1.92%;--awb-spacing-left-medium:1.92%;--awb-width-small:100%;--awb-spacing-right-small:1.92%;--awb-spacing-left-small:1.92%;\"><div class=\"fusion-column-wrapper fusion-flex-justify-content-flex-start fusion-content-layout-column\"><div class=\"fusion-text fusion-text-1\" style=\"--awb-margin-top:20px;\"><section>La presente informativa, destinata a tutti i soggetti che navigano sul presente sito web, \u00e8 rilasciata ai sensi dell\u2019art. 13 del Reg. (UE) n. 2016\/679 (di seguito, \u201c<strong>GDPR<\/strong>\u201d) e in conformit\u00e0 con l\u2019art. 122 del d. lgs. 196\/2003 (di seguito, \u201c<strong>Codice Privacy<\/strong>\u201d), nonch\u00e9 con il provvedimento in materia di cookie del Garante Privacy dell\u20198 Maggio 2014, come integrato dal provvedimento del 10 giugno 2021 (di seguito, \u201c<strong>Provvedimento<\/strong>\u201d).<\/p>\n<h2><strong>1. Identit\u00e0 e dati di contatto del titolare del trattamento<\/strong><\/h2>\n<p>Titolare del trattamento \u00e8 <strong>Amilon S.r.l<\/strong>., C.F. e P.IVA 05921090964, con sede in via Natale Battaglia n. 12, Milano, indirizzo e-mail <a href=\"mailto:privacy@amilon.eu\">privacy@amilon.eu<\/a> (di seguito, \u201c<strong>Titolare<\/strong>\u201d o \u201c<strong>Amilon<\/strong>\u201d).<\/p>\n<h2><strong>2. Dati di contatto del responsabile della protezione dati (DPO)<\/strong><\/h2>\n<p>Il DPO \u00e8 contattabile all\u2019indirizzo e-mail <a href=\"mailto:dpo-ext@amilon.eu\">dpo-ext@amilon.eu<\/a>.<\/p>\n<h2><strong>3. Tipi di dati trattati<\/strong><\/h2>\n<h3><strong>a. Dati di navigazione<\/strong><\/h3>\n<p>I sistemi informatici e le procedure software preposte al funzionamento del sito web acquisiscono, nel corso del loro normale esercizio, alcuni dati personali la cui trasmissione \u00e8 implicita nell&#8217;uso dei protocolli di comunicazione di Internet. In questa categoria di dati rientrano gli indirizzi IP o i nomi a dominio dei computer e dei terminali utilizzati dagli utenti, gli indirizzi in notazione URI\/URL (Uniform Resource Identifier\/Locator) delle risorse richieste, l&#8217;orario della richiesta, il metodo utilizzato nel sottoporre la richiesta al server, la dimensione del file ottenuto in risposta, il codice numerico indicante lo stato della risposta data dal server (buon fine, errore, ecc.) ed altri parametri relativi al sistema operativo e all&#8217;ambiente informatico dell&#8217;utente.<\/p>\n<p>Tali dati, necessari per la fruizione dei servizi web, sono anche trattati allo scopo di:<\/p>\n<ul>\n<li>permettere l\u2019accesso al sito web e l\u2019utilizzo delle relative funzionalit\u00e0;<\/li>\n<li>consentire e monitorare il corretto funzionamento del sito web ed effettuare attivit\u00e0 di manutenzione;<\/li>\n<li>ricavare informazioni statistiche anonime sull\u2019uso del sito web;<\/li>\n<li>l\u2019accertamento di eventuali responsabilit\u00e0 in caso di ipotetici reati informatici ai danni del sito web e per esercitare e\/o difendere i diritti del Titolare.<\/li>\n<\/ul>\n<p>Le basi giuridiche del trattamento effettuato per le suddette finalit\u00e0 sono l\u2019esecuzione di un contratto di cui l\u2019interessato \u00e8 parte ed il perseguimento dell\u2019interesse legittimo del Titolare.<\/p>\n<h3><strong>b. Dati forniti volontariamente dall&#8217;utente<\/strong><\/h3>\n<p>Per poter fruire di determinati servizi sul sito web \u00e8 necessario il conferimento di dati personali, in relazione ai quali si rinvia alla specifica informativa fornita al momento della raccolta.<\/p>\n<h3><strong>c. Informazioni trattate tramite cookie<\/strong><\/h3>\n<p>Il sito web utilizza i cookie.<\/p>\n<h4><strong>Cosa sono i cookie<\/strong><\/h4>\n<p>I cookie (o marcatori) sono piccoli file di testo che vengono inviati dal server web visitato dall\u2019utente sul dispositivo dell&#8217;utente (solitamente al browser), nel momento in cui quest\u2019ultimo accede ad un determinato sito con lo scopo di immagazzinare e trasportare informazioni. Vengono memorizzati in modo da poter riconoscere tale dispositivo alla successiva visita. Ad ogni visita successiva, infatti, i cookie sono reinviati dal dispositivo dell\u2019utente al sito.<\/p>\n<p>Ciascun cookie contiene generalmente il nome del server da cui il cookie \u00e8 stato inviato e la scadenza ed un valore, solitamente un numero unico generato a caso dal computer.<\/p>\n<h4><strong>Cookie di prima parte e di terza parte<\/strong><\/h4>\n<p>I cookie possono essere installati non solo dallo stesso gestore del sito visitato dall\u2019utente (cookie di prima parte), ma anche da un sito diverso che li installa per il tramite del primo sito (cookie di terze parti) ed \u00e8 in grado di riconoscerli. Questo accade perch\u00e9 sul sito visitato possono essere presenti elementi (immagini, mappe, suoni, link a pagine web di altri domini, ecc.) che risiedono su server diversi da quello del sito visitato.<\/p>\n<h4><strong>Cookie tecnici, analitici e di profilazione<\/strong><\/h4>\n<p>In base alla finalit\u00e0, i cookie si distinguono in cookie tecnici e in cookie di profilazione.<\/p>\n<p>I <strong>cookie tecnici<\/strong> sono installati al solo fine di &#8220;<em>effettuare la trasmissione di una comunicazione su una rete di comunicazione elettronica, o nella misura strettamente necessaria al fornitore di un servizio della societ\u00e0 dell&#8217;informazione esplicitamente richiesto dall&#8217;abbonato o dall&#8217;utente a erogare tale servizio<\/em>&#8221; (cfr. art. 122, co. 1, Codice Privacy). Sono solitamente utilizzati per consentire una navigazione efficiente tra le pagine, memorizzare le preferenze degli utenti, memorizzare informazioni su specifiche configurazioni degli utenti, effettuare l\u2019autenticazione degli utenti, ecc.<\/p>\n<p>I cookie tecnici possono essere suddivisi in cookie di navigazione, utilizzati al fine di registrare dati utili alla normale navigazione e fruizione del sito web sul computer dell&#8217;utente (permettendo, ad esempio, di ricordare la dimensione preferita della pagina in un elenco) e cookie funzionali, che consentono al sito web di ricordare le scelte effettuate dall\u2019utente al fine di ottimizzarne le funzionalit\u00e0 (ad esempio, i cookie funzionali consentono al sito di ricordare le impostazioni specifiche di un utente, come la selezione del paese e, se impostato, lo stato di accesso permanente). Alcuni di questi cookie (detti essenziali o strictly necessary) abilitano funzioni senza le quali non sarebbe possibile effettuare alcune operazioni.<\/p>\n<p>Ai sensi del suddetto art. 122, co. 1, Codice Privacy, l\u2019utilizzo dei cookie tecnici non richiede il consenso degli utenti, ma richiede solo l\u2019obbligo di informare gli utenti.<\/p>\n<p>Ai sensi del Provvedimento, ai cookie tecnici sono assimilati &#8211; e, pertanto, per la relativa installazione, non \u00e8 richiesto il consenso degli utenti &#8211; i cookie cd. analytics se:<\/p>\n<ol style=\"list-style-type: upper-roman;\">\n<li>realizzati e utilizzati direttamente dal gestore del sito prima parte (senza, dunque, l&#8217;intervento di soggetti terzi) ai fini di ottimizzazione dello stesso per raccogliere informazioni aggregate sul numero degli utenti e su come questi visitano il sito stesso, nonch\u00e9<\/li>\n<li>realizzati e messi\u00a0a disposizione da terze parti se:\n<ul style=\"list-style-type: lower-latin;\">\n<li>utilizzati dal sito prima parte per meri fini statistici, qualora vengano adottate misure di\u00a0minimizzazione\u00a0idonee\u00a0a ridurne il potere identificativo\u00a0(ad esempio, mediante il mascheramento di\u00a0opportune porzioni dell&#8217;indirizzo\u00a0IP)\u00a0e\u00a0impiegati\u00a0unicamente per la produzione\u00a0di statistiche aggregate\u00a0ed in relazione, di regola,\u00a0ad un singolo sito\u00a0o una\u00a0sola applicazione mobile, in modo da non consentire il\u00a0tracciamento\u00a0della navigazione\u00a0della persona\u00a0che utilizza applicazioni diverse o naviga in siti web diversi;<\/li>\n<li>i\u00a0terzi, che forniscono al sito il servizio di\u00a0web\u00a0measurement, non\u00a0combinino, arricchiscano o\u00a0incrocino\u00a0i dati, anche minimizzati come sopra, con\u00a0altre informazioni di cui tali terzi\u00a0dispongano (es. file dei clienti o statistiche di visite ad altri siti)\u00a0n\u00e9\u00a0li trasmettano\u00a0ad\u00a0ulteriori terzi.<\/li>\n<\/ul>\n<\/li>\n<\/ol>\n<p>I\u00a0<strong>cookie di profilazione o analoghi marcatori <\/strong>(es. pixel, fingerprint, ecc.) servono a tracciare la navigazione dell\u2019utente, analizzare il suo comportamento ai fini marketing e creare profili sui suoi gusti, abitudini, scelte, ecc. in modo da trasmettere messaggi pubblicitari mirati in relazione ai suoi interessi dell\u2019utente ed in linea con le preferenze da questi manifestate nella navigazione online. Tali strumenti, ai sensi dell\u2019art. 122 del Codice Privacy, possono essere installati sul terminale dell\u2019utente solo se questo abbia espresso il proprio consenso dopo essere stato informato con le modalit\u00e0 semplificate indicate dal Garante nel Provvedimento (pubblicazione sul sito di un\u2019informativa \u201cbreve\u201d contenuta in un banner a comparsa immediata sulla home page (o altra pagina tramite la quale l\u00b4utente pu\u00f2 accedere al sito), che rinvii ad un\u2019informativa \u201cestesa\u201d, alla quale si accede attraverso un link cliccabile dall\u2019utente).<\/p>\n<h4><strong>Cookie persistenti e di sessione<\/strong><\/h4>\n<p>In base alla loro durata, i cookie si distinguono in <strong>persistenti<\/strong>, che rimangono memorizzati, fino alla loro scadenza, sul dispositivo dell\u2019utente, salva rimozione da parte di quest\u2019ultimo, e <strong>di sessione<\/strong>, che non vengono memorizzati in modo persistente sul dispositivo dell\u2019utente e svaniscono con la chiusura del browser.<\/p>\n<h2><strong>4. Elenco dei cookie e degli altri strumenti di tracciamento usati dal sito web<\/strong><\/h2>\n<h3><strong>Cookie tecnici<\/strong><\/h3>\n<p>Il sito web fa uso di cookie o altri strumenti tecnici, installati per le finalit\u00e0 sottoindicate, per le quali non \u00e8 richiesto il preventivo consenso degli utenti ai sensi dell\u2019art. 122 del Codice Privacy.<\/p>\n<p>Di seguito, sono riportati, per ciascun strumento utilizzato, il nome, la finalit\u00e0 di utilizzo e la durata.<\/p>\n<div class=\"table-responsive\">\n<table class=\"table\">\n<tbody>\n<tr>\n<th>Nome<\/th>\n<th>Terza parte<\/th>\n<th>Scopo<\/th>\n<th>Durata<\/th>\n<\/tr>\n<tr>\n<td>_icl_visitor_lang_js<\/td>\n<td>Prima parte (Dominio: .myndplatform.com)<\/td>\n<td>Questo cookie viene utilizzato per memorizzare la preferenza linguistica di un utente, in modo da fornire contenuti nella lingua memorizzata alla successiva visita del sito web.<\/td>\n<td>1 giorno<\/td>\n<\/tr>\n<tr>\n<td>wpml_browser_redirect_test<\/td>\n<td>Prima parte (Dominio: .myndplatform.com)<\/td>\n<td>Questo cookie viene utilizzato per verificare se i cookie sono abilitati nel browser per fornire agli utenti un\u2019esperienza d\u2019uso appropriata.<\/td>\n<td>Sessione<\/td>\n<\/tr>\n<tr>\n<td>_GRECAPTCHA<\/td>\n<td>Terza parte (Dominio: www.google.com)<\/td>\n<td>Cookie eseguiti allo scopo di fornire l\u2019analisi del rischio.<\/td>\n<td>6 mesi<\/td>\n<\/tr>\n<tr>\n<td>sessiontime<\/td>\n<td>Prima parte (Dominio: .myndplatform.com)<\/td>\n<td>Questo cookie viene utilizzato per tracciare la durata della sessione dell\u2019utente sul sito web, garantendo una navigazione senza interruzioni e l\u2019interazione con le varie funzionalit\u00e0 del sito.<\/td>\n<td>Sessione<\/td>\n<\/tr>\n<tr>\n<td>thread<\/td>\n<td>Prima parte (Dominio: .myndplatform.com)<\/td>\n<td>cookie non classificati sono i cookie che sono in fase di classificazione, insieme ai fornitori di cookie individuali.<\/td>\n<td>1 anno<\/td>\n<\/tr>\n<tr>\n<td>HDA_user_mode<\/td>\n<td>Prima parte (Dominio: .myndplatform.com)<\/td>\n<td>cookie non classificati sono i cookie che sono in fase di classificazione, insieme ai fornitori di cookie individuali.<\/td>\n<td>Sessione<\/td>\n<\/tr>\n<\/tbody>\n<\/table>\n<\/div>\n<h3><strong>Cookie analitici anonimizzati<\/strong><\/h3>\n<p>Il sito web utilizza cookie analitici realizzati e messi a disposizione da terze parti per analizzare statisticamente gli accessi o le visite al sito web stesso, consentire al Titolare di migliorarne la struttura, le logiche di navigazione e i contenuti e raccogliere informazioni sull&#8217;uso del sito web.<\/p>\n<p>Per maggiori dettagli e informazioni \u00e8 possibile visitare il seguente link: <a href=\"https:\/\/support.google.com\/analytics\/answer\/1011397\" target=\"_blank\" rel=\"noopener\">https:\/\/support.google.com\/analytics\/answer\/1011397<\/a><\/p>\n<p>Tali cookie, opportunamente anonimizzati (tramite il mascheramento di porzioni significative dell\u2019indirizzo IP), consentono la raccolta di informazioni aggregate sul numero degli utenti e su come questi visitano il sito web senza poter identificare il singolo utente. Pertanto, non \u00e8 richiesto il preventivo consenso degli utenti, conformemente a quanto indicato nel Provvedimento.<\/p>\n<p>Di seguito, sono riportati, per ciascun cookie analitico utilizzato, il nome, la prima o terza parte a cui si riferisce, la finalit\u00e0 di utilizzo e la durata.<\/p>\n<div class=\"table-responsive\">\n<table class=\"table\">\n<tbody>\n<tr>\n<th>Nome<\/th>\n<th>Terza parte<\/th>\n<th>Scopo<\/th>\n<th>Durata<\/th>\n<\/tr>\n<tr>\n<td>_ga_#<\/td>\n<td>Prima parte (Dominio: .myndplatform.com)<\/td>\n<td>Utilizzato da Google Analytics per raccogliere dati sul numero di volte che un utente ha visitato il sito web e sulle date della prima e dell\u2019ultima visita.<\/td>\n<td>Due anni<\/td>\n<\/tr>\n<tr>\n<td>_ga<\/td>\n<td>Prima parte (Dominio: .myndplatform.com)<\/td>\n<td>Contiene un identificatore univoco utilizzato da Google Analytics per determinare che due visite distinte appartengono allo stesso utente attraverso le sessioni di navigazione.<\/td>\n<td>Due anni<\/td>\n<\/tr>\n<\/tbody>\n<\/table>\n<\/div>\n<h3><strong>Strumenti di profilazione<\/strong><\/h3>\n<p>Sul sito web non vengono utilizzati cookie di profilazione.<\/p>\n<h2><strong>5. Destinatari <\/strong><\/h2>\n<p>I trattamenti connessi ai servizi web del sito sono effettuati da personale espressamente autorizzato al trattamento che ha ricevuto adeguate istruzioni operative.<\/p>\n<p>I dati saranno trattati altres\u00ec da Google che li tratta per la finalit\u00e0 indicata al precedente art. 4 come titolare autonomo.<\/p>\n<p>Il Titolare trasferisce i dati al di fuori dell\u2019UE o dello SEE e in particolare verso gli Stati Uniti, dove sono stabilite le terze parti di cui sopra e i provider IT coinvolti nella gestione\/manutenzione del sito web, paese terzo ritenuto adeguato in virt\u00f9 della decisione della Commissione Europea del 10 luglio 2023 \u2013 EU-US Data Privacy Framework. Laddove i dati siano trasferiti in paesi al di fuori dell\u2019Unione Europea (UE) o dello Spazio Economico Europeo (SEE) che non siano stati ritenuti adeguati dalla Commissione Europea, saranno utilizzati i \u201ctransfer tools\u201d di cui all\u2019art. 46 del GDPR.<\/p>\n<h2><strong>6. Modalit\u00e0 di gestione delle opzioni di utilizzo dei cookie <\/strong><\/h2>\n<p>L\u2019utente ha varie opzioni per navigare senza cookie come descritto qui di seguito: <a href=\"https:\/\/www.garanteprivacy.it\/cookie\" target=\"_blank\" rel=\"noopener\">https:\/\/www.garanteprivacy.it\/cookie<\/a>.<\/p>\n<p>Gli utenti possono comunque manifestare le proprie preferenze sui cookie attraverso le impostazioni del browser utilizzato. Anche nel caso il browser web utilizzato dall\u2019utente sia impostato per accettare automaticamente i cookie, quest\u2019ultimo pu\u00f2 modificare la configurazione predefinita tramite il menu impostazioni, cancellando e\/o rimuovendo tutti o alcuni cookie, bloccando l\u2019invio dei cookie o limitandolo a determinati siti. La disabilitazione, il blocco dei cookies o la loro cancellazione potrebbe compromettere la fruizione ottimale di alcune aree del sito web o impedire alcune funzionalit\u00e0 dello stesso, nonch\u00e9 influire sul funzionamento dei servizi di terze parti.\u00a0 Si riportano di seguito i link alle guide per la gestione dei cookie dei principali browser:<\/p>\n<ul>\n<li><a href=\"https:\/\/support.microsoft.com\/en-us\/help\/17442\/windows-internet-explorer-delete-manage-cookies\" target=\"_blank\" rel=\"noopener\">Microsoft Internet Explorer<\/a><\/li>\n<li><a href=\"https:\/\/support.microsoft.com\/en-gb\/help\/4027947\/microsoft-edge-delete-cookies\" target=\"_blank\" rel=\"noopener\">Microsoft Edge<\/a><\/li>\n<li><a href=\"https:\/\/support.google.com\/chrome\/answer\/95647?hl=it&amp;p=cpn_cookies%20https:\/\/support.google.com\/accounts\/answer\/61416?hl=it%20%20Google%20Chrome%20per%20Mobile:%20Accedere%20tramite%20link%20https:\/\/support.google.com\/chrome\/answer\/2392971?hl=it\" target=\"_blank\" rel=\"noopener\">Google Chrome<\/a><\/li>\n<li><a href=\"https:\/\/support.mozilla.org\/it\/kb\/Attivare%20e%20disattivare%20i%20cookie\" target=\"_blank\" rel=\"noopener\">Mozilla Firefox<\/a><\/li>\n<li><a href=\"https:\/\/support.apple.com\/it-it\/HT201265\" target=\"_blank\" rel=\"noopener\">Safari<\/a><\/li>\n<li><a href=\"http:\/\/help.opera.com\/Windows\/10.00\/it\/cookies.htm\" target=\"_blank\" rel=\"noopener\">Opera<\/a><\/li>\n<\/ul>\n<p>Per i browser diversi da quelli sopra elencati, \u00e8 necessario consultare la relativa guida per individuare le modalit\u00e0 di gestione dei cookies.<\/p>\n<h2><strong>7. I diritti degli interessati<\/strong><\/h2>\n<p>In relazione ai trattamenti dei dati personali effettuati dal Titolare, l\u2019interessato, oltre a quanto indicato nel paragrafo precedente, pu\u00f2 esercitare i diritti di cui agli artt. da 15 a 22 del GDPR, laddove applicabili, fra cui pu\u00f2 chiedere l\u2019accesso ai dati che la riguardano e alle informazioni di cui all\u2019art. 15 (finalit\u00e0 del trattamento, categorie di dati personali, etc.), la loro cancellazione nelle ipotesi previste dall\u2019art. 17, la rettifica dei dati inesatti, l\u2019integrazione dei dati incompleti, la limitazione del trattamento nei casi previsti dall\u2019art. 18, oltre alla portabilit\u00e0 dei dati (cio\u00e8 di ricevere in un formato strutturato, di uso comune e leggibile da dispositivo automatico i dati, nonch\u00e9, se tecnicamente fattibile, di trasmetterli ad altro titolare senza impedimenti) nel caso in cui il trattamento sia basato sul consenso o sul contratto e sia effettuato con strumenti automatizzati.<\/p>\n<p>Per l\u2019esercizio dei diritti, l\u2019interessato pu\u00f2 rivolgersi al Titolare ai punti di contatto indicati al par. 1.<\/p>\n<p>L\u2019interessato ha il diritto di proporre reclamo all\u2019Autorit\u00e0 di controllo competente nello Stato membro in cui risiede abitualmente o lavora o dello Stato in cui si \u00e8 verificata la presunta violazione.<\/p>\n<\/section>\n<\/div><\/div><\/div><\/div><\/div><div class=\"fusion-fullwidth fullwidth-box fusion-builder-row-4 fusion-flex-container has-pattern-background has-mask-background nonhundred-percent-fullwidth non-hundred-percent-height-scrolling\" style=\"--awb-border-radius-top-left:0px;--awb-border-radius-top-right:0px;--awb-border-radius-bottom-right:0px;--awb-border-radius-bottom-left:0px;--awb-margin-top:100px;--awb-margin-bottom:0px;--awb-background-color:var(--awb-color1);--awb-flex-wrap:wrap;\" ><div class=\"fusion-builder-row fusion-row fusion-flex-align-items-flex-start fusion-flex-content-wrap\" style=\"max-width:1404px;margin-left: calc(-4% \/ 2 );margin-right: calc(-4% \/ 2 );\"><div class=\"fusion-layout-column fusion_builder_column fusion-builder-column-3 fusion_builder_column_1_1 1_1 fusion-flex-column\" style=\"--awb-bg-size:cover;--awb-width-large:100%;--awb-margin-top-large:0px;--awb-spacing-right-large:1.92%;--awb-margin-bottom-large:20px;--awb-spacing-left-large:1.92%;--awb-width-medium:100%;--awb-order-medium:0;--awb-spacing-right-medium:1.92%;--awb-spacing-left-medium:1.92%;--awb-width-small:100%;--awb-order-small:0;--awb-spacing-right-small:1.92%;--awb-spacing-left-small:1.92%;\"><div class=\"fusion-column-wrapper fusion-column-has-shadow fusion-flex-justify-content-flex-start fusion-content-layout-column\"><div class=\"fusion-separator fusion-full-width-sep\" style=\"align-self: center;margin-left: auto;margin-right: auto;margin-top:0px;margin-bottom:0px;width:100%;max-width:100%;\"><div class=\"fusion-separator-border sep-single sep-solid\" style=\"--awb-height:20px;--awb-amount:20px;--awb-sep-color:var(--awb-color1);border-color:var(--awb-color1);border-top-width:1px;\"><\/div><\/div><\/div><\/div><\/div><\/div><\/p>\n","protected":false},"excerpt":{"rendered":"","protected":false},"author":2,"featured_media":3158,"parent":0,"menu_order":0,"comment_status":"closed","ping_status":"closed","template":"100-width.php","meta":{"inline_featured_image":false,"footnotes":""},"class_list":["post-3878","page","type-page","status-publish","has-post-thumbnail","hentry"],"_links":{"self":[{"href":"https:\/\/myndplatform.com\/it\/wp-json\/wp\/v2\/pages\/3878","targetHints":{"allow":["GET"]}}],"collection":[{"href":"https:\/\/myndplatform.com\/it\/wp-json\/wp\/v2\/pages"}],"about":[{"href":"https:\/\/myndplatform.com\/it\/wp-json\/wp\/v2\/types\/page"}],"author":[{"embeddable":true,"href":"https:\/\/myndplatform.com\/it\/wp-json\/wp\/v2\/users\/2"}],"replies":[{"embeddable":true,"href":"https:\/\/myndplatform.com\/it\/wp-json\/wp\/v2\/comments?post=3878"}],"version-history":[{"count":9,"href":"https:\/\/myndplatform.com\/it\/wp-json\/wp\/v2\/pages\/3878\/revisions"}],"predecessor-version":[{"id":4171,"href":"https:\/\/myndplatform.com\/it\/wp-json\/wp\/v2\/pages\/3878\/revisions\/4171"}],"wp:featuredmedia":[{"embeddable":true,"href":"https:\/\/myndplatform.com\/it\/wp-json\/wp\/v2\/media\/3158"}],"wp:attachment":[{"href":"https:\/\/myndplatform.com\/it\/wp-json\/wp\/v2\/media?parent=3878"}],"curies":[{"name":"wp","href":"https:\/\/api.w.org\/{rel}","templated":true}]}}